{"id":542,"date":"2023-09-03T12:02:26","date_gmt":"2023-09-03T10:02:26","guid":{"rendered":"http:\/\/82.65.63.100\/wordpress\/?page_id=542"},"modified":"2023-09-03T21:18:43","modified_gmt":"2023-09-03T19:18:43","slug":"u9","status":"publish","type":"page","link":"http:\/\/82.65.63.100\/wordpress\/u9\/","title":{"rendered":"U9 Mixtes"},"content":{"rendered":"\n\n\n<p class=\" eplus-wrapper\">Le championnat 2023-2024 de nos U9 Mixtes n&rsquo;a pas encore \u00e9t\u00e9 publi\u00e9 sur le site de la F\u00e9d\u00e9ration Fran\u00e7aise de Basket-Ball. Retrouvez le classement et le calendrier des matchs pour nos U9 Mixtes sur cette page d\u00e8s que les donn\u00e9es seront disponibles sur <a href=\"https:\/\/resultats.ffbb.com\/organisation\/824.html\" target=\"_blank\" rel=\"noreferrer noopener\">le site de r\u00e9sultats de la FFBB<\/a>.<\/p>\n\n\n<div class=\"is-style-default wp-block-columns alignfull eplus-wrapper is-layout-flex wp-container-core-columns-is-layout-9d6595d7 wp-block-columns-is-layout-flex eplus-styles-uid-29f47e\">\n<div class=\"uds-noshow wp-block-column eplus-wrapper is-layout-flow wp-block-column-is-layout-flow\" style=\"flex-basis:100%\"><\/div>\n<\/div>","protected":false},"excerpt":{"rendered":"<p>Le championnat 2023-2024 de nos U9 Mixtes n&rsquo;a pas encore \u00e9t\u00e9 publi\u00e9 sur le site [&hellip;]<\/p>\n","protected":false},"author":1,"featured_media":0,"parent":0,"menu_order":0,"comment_status":"closed","ping_status":"closed","template":"","meta":{"editor_plus_copied_stylings":"{}","footnotes":""},"class_list":["post-542","page","type-page","status-publish","hentry"],"_links":{"self":[{"href":"http:\/\/82.65.63.100\/wordpress\/wp-json\/wp\/v2\/pages\/542","targetHints":{"allow":["GET"]}}],"collection":[{"href":"http:\/\/82.65.63.100\/wordpress\/wp-json\/wp\/v2\/pages"}],"about":[{"href":"http:\/\/82.65.63.100\/wordpress\/wp-json\/wp\/v2\/types\/page"}],"author":[{"embeddable":true,"href":"http:\/\/82.65.63.100\/wordpress\/wp-json\/wp\/v2\/users\/1"}],"replies":[{"embeddable":true,"href":"http:\/\/82.65.63.100\/wordpress\/wp-json\/wp\/v2\/comments?post=542"}],"version-history":[{"count":4,"href":"http:\/\/82.65.63.100\/wordpress\/wp-json\/wp\/v2\/pages\/542\/revisions"}],"predecessor-version":[{"id":1919,"href":"http:\/\/82.65.63.100\/wordpress\/wp-json\/wp\/v2\/pages\/542\/revisions\/1919"}],"wp:attachment":[{"href":"http:\/\/82.65.63.100\/wordpress\/wp-json\/wp\/v2\/media?parent=542"}],"curies":[{"name":"wp","href":"https:\/\/api.w.org\/{rel}","templated":true}]}}