{"id":528,"date":"2023-09-03T11:54:39","date_gmt":"2023-09-03T09:54:39","guid":{"rendered":"http:\/\/82.65.63.100\/wordpress\/?page_id=528"},"modified":"2023-09-03T21:17:27","modified_gmt":"2023-09-03T19:17:27","slug":"u15-garcons","status":"publish","type":"page","link":"http:\/\/82.65.63.100\/wordpress\/u15-garcons\/","title":{"rendered":"U15 Gar\u00e7ons"},"content":{"rendered":"\n\n\n<p class=\" eplus-wrapper\">Le championnat 2023-2024 de nos U15 Gar\u00e7ons n&rsquo;a pas encore \u00e9t\u00e9 publi\u00e9 sur le site de la F\u00e9d\u00e9ration Fran\u00e7aise de Basket-Ball. Retrouvez le classement et le calendrier des matchs pour nos U15 Gar\u00e7ons sur cette page d\u00e8s que les donn\u00e9es seront disponibles sur <a href=\"https:\/\/resultats.ffbb.com\/organisation\/824.html\" target=\"_blank\" rel=\"noreferrer noopener\">le site de r\u00e9sultats de la FFBB<\/a>.<\/p>\n\n\n<div class=\"is-style-default wp-block-columns alignfull eplus-wrapper is-layout-flex wp-container-core-columns-is-layout-9d6595d7 wp-block-columns-is-layout-flex eplus-styles-uid-952e63\">\n<div class=\"uds-noshow wp-block-column eplus-wrapper is-layout-flow wp-block-column-is-layout-flow\" style=\"flex-basis:100%\"><\/div>\n<\/div>","protected":false},"excerpt":{"rendered":"<p>Le championnat 2023-2024 de nos U15 Gar\u00e7ons n&rsquo;a pas encore \u00e9t\u00e9 publi\u00e9 sur le site [&hellip;]<\/p>\n","protected":false},"author":1,"featured_media":0,"parent":0,"menu_order":0,"comment_status":"closed","ping_status":"closed","template":"","meta":{"editor_plus_copied_stylings":"{}","footnotes":""},"class_list":["post-528","page","type-page","status-publish","hentry"],"_links":{"self":[{"href":"http:\/\/82.65.63.100\/wordpress\/wp-json\/wp\/v2\/pages\/528","targetHints":{"allow":["GET"]}}],"collection":[{"href":"http:\/\/82.65.63.100\/wordpress\/wp-json\/wp\/v2\/pages"}],"about":[{"href":"http:\/\/82.65.63.100\/wordpress\/wp-json\/wp\/v2\/types\/page"}],"author":[{"embeddable":true,"href":"http:\/\/82.65.63.100\/wordpress\/wp-json\/wp\/v2\/users\/1"}],"replies":[{"embeddable":true,"href":"http:\/\/82.65.63.100\/wordpress\/wp-json\/wp\/v2\/comments?post=528"}],"version-history":[{"count":4,"href":"http:\/\/82.65.63.100\/wordpress\/wp-json\/wp\/v2\/pages\/528\/revisions"}],"predecessor-version":[{"id":1916,"href":"http:\/\/82.65.63.100\/wordpress\/wp-json\/wp\/v2\/pages\/528\/revisions\/1916"}],"wp:attachment":[{"href":"http:\/\/82.65.63.100\/wordpress\/wp-json\/wp\/v2\/media?parent=528"}],"curies":[{"name":"wp","href":"https:\/\/api.w.org\/{rel}","templated":true}]}}