{"id":516,"date":"2023-07-30T17:25:08","date_gmt":"2023-07-30T15:25:08","guid":{"rendered":"http:\/\/82.65.63.100\/wordpress\/?page_id=516"},"modified":"2023-09-03T21:16:30","modified_gmt":"2023-09-03T19:16:30","slug":"seniors-1-filles","status":"publish","type":"page","link":"http:\/\/82.65.63.100\/wordpress\/seniors-1-filles\/","title":{"rendered":"Seniors 1 Filles"},"content":{"rendered":"\n\n\n<p class=\" eplus-wrapper\">Le championnat 2023-2024 de nos seniors 1 Filles n&rsquo;a pas encore \u00e9t\u00e9 publi\u00e9 sur le site de la F\u00e9d\u00e9ration Fran\u00e7aise de Basket-Ball. Retrouvez le classement et le calendrier des matchs pour nos seniors 1 Filles sur cette page d\u00e8s que les donn\u00e9es seront disponibles sur <a href=\"https:\/\/resultats.ffbb.com\/organisation\/824.html\" target=\"_blank\" rel=\"noreferrer noopener\">le site de r\u00e9sultats de la FFBB<\/a>.<\/p>\n\n\n<div class=\"is-style-default wp-block-columns alignfull eplus-wrapper is-layout-flex wp-container-core-columns-is-layout-9d6595d7 wp-block-columns-is-layout-flex eplus-styles-uid-866bd3\">\n<div class=\"uds-noshow wp-block-column eplus-wrapper is-layout-flow wp-block-column-is-layout-flow\" style=\"flex-basis:100%\">\n<iframe id=\"63c2934763269a09cf6f619f\" height=\"420\" src=\"https:\/\/v1.scorenco.com\/widget\/63c2934763269a09cf6f619f\/\" style=\"display: block; width: 90%; overflow: auto; margin: auto; border-width: 0px;\"><\/iframe><a style=\"font-size:11px\" target=\"_blank\" href=\"https:\/\/v1.scorenco.com\/basket\/clubs\/union-dechy-sin-basket\/\" rel=\"noopener\">Union Dechy Sin Basket sur Score&rsquo;n&rsquo;co<\/a>\n<\/div>\n<\/div>","protected":false},"excerpt":{"rendered":"<p>Le championnat 2023-2024 de nos seniors 1 Filles n&rsquo;a pas encore \u00e9t\u00e9 publi\u00e9 sur le [&hellip;]<\/p>\n","protected":false},"author":1,"featured_media":0,"parent":0,"menu_order":0,"comment_status":"closed","ping_status":"closed","template":"","meta":{"editor_plus_copied_stylings":"{}","footnotes":""},"class_list":["post-516","page","type-page","status-publish","hentry"],"_links":{"self":[{"href":"http:\/\/82.65.63.100\/wordpress\/wp-json\/wp\/v2\/pages\/516","targetHints":{"allow":["GET"]}}],"collection":[{"href":"http:\/\/82.65.63.100\/wordpress\/wp-json\/wp\/v2\/pages"}],"about":[{"href":"http:\/\/82.65.63.100\/wordpress\/wp-json\/wp\/v2\/types\/page"}],"author":[{"embeddable":true,"href":"http:\/\/82.65.63.100\/wordpress\/wp-json\/wp\/v2\/users\/1"}],"replies":[{"embeddable":true,"href":"http:\/\/82.65.63.100\/wordpress\/wp-json\/wp\/v2\/comments?post=516"}],"version-history":[{"count":8,"href":"http:\/\/82.65.63.100\/wordpress\/wp-json\/wp\/v2\/pages\/516\/revisions"}],"predecessor-version":[{"id":1913,"href":"http:\/\/82.65.63.100\/wordpress\/wp-json\/wp\/v2\/pages\/516\/revisions\/1913"}],"wp:attachment":[{"href":"http:\/\/82.65.63.100\/wordpress\/wp-json\/wp\/v2\/media?parent=516"}],"curies":[{"name":"wp","href":"https:\/\/api.w.org\/{rel}","templated":true}]}}