{"id":506,"date":"2023-07-30T14:51:35","date_gmt":"2023-07-30T12:51:35","guid":{"rendered":"http:\/\/82.65.63.100\/wordpress\/?page_id=506"},"modified":"2023-08-03T18:00:39","modified_gmt":"2023-08-03T16:00:39","slug":"la-salle-des-sports-michel-bernard","status":"publish","type":"page","link":"http:\/\/82.65.63.100\/wordpress\/la-salle-des-sports-michel-bernard\/","title":{"rendered":"La salle des sports Michel Bernard"},"content":{"rendered":"\n<div class=\"wp-block-columns alignwide is-layout-flex wp-container-core-columns-is-layout-9d6595d7 wp-block-columns-is-layout-flex\">\n<div class=\"wp-block-column is-vertically-aligned-center is-layout-flow wp-block-column-is-layout-flow\">\n<figure class=\"wp-block-image size-large uds-shadow is-style-default\"><a href=\"https:\/\/goo.gl\/maps\/Lg3pFfjt9z3Z8jBy7\" target=\"_blank\" rel=\"noreferrer noopener\"><img loading=\"lazy\" decoding=\"async\" width=\"1024\" height=\"768\" src=\"http:\/\/82.65.63.100\/wordpress\/wp-content\/uploads\/2023\/08\/Salle_des_sports_Michel_Bernard-1024x768.jpg\" alt=\"\" class=\"wp-image-696\" srcset=\"http:\/\/82.65.63.100\/wordpress\/wp-content\/uploads\/2023\/08\/Salle_des_sports_Michel_Bernard-1024x768.jpg 1024w, http:\/\/82.65.63.100\/wordpress\/wp-content\/uploads\/2023\/08\/Salle_des_sports_Michel_Bernard-300x225.jpg 300w, http:\/\/82.65.63.100\/wordpress\/wp-content\/uploads\/2023\/08\/Salle_des_sports_Michel_Bernard-768x576.jpg 768w, http:\/\/82.65.63.100\/wordpress\/wp-content\/uploads\/2023\/08\/Salle_des_sports_Michel_Bernard.jpg 1200w\" sizes=\"auto, (max-width: 1024px) 100vw, 1024px\" \/><\/a><\/figure>\n<\/div>\n\n\n\n<div class=\"wp-block-column is-vertically-aligned-top is-layout-flow wp-block-column-is-layout-flow\" style=\"flex-basis:46%\">\n<p><br><mark style=\"background-color:rgba(0, 0, 0, 0)\" class=\"has-inline-color has-vivid-cyan-blue-color\">Salle des Sports Michel Bernard<br>23 Rue Marcel Buns,&nbsp;<br>59187&nbsp;Dechy<\/mark><br><mark style=\"background-color:rgba(0, 0, 0, 0)\" class=\"has-inline-color has-vivid-cyan-blue-color\"><a href=\"tel:0327875128\">03 27 87 51 28<\/a><\/mark><br>La salle des Sports Michel Bernard est une installation sportive situ\u00e9e dans la commune de Dechy dans le d\u00e9partement Nord (59). Elle a \u00e9t\u00e9 mise en service en 1995 et elle dispose d&rsquo;une salle de basket avec un rev\u00eatement synth\u00e9tique et compte 0 place en tribune.<\/p>\n<\/div>\n<\/div>\n\n\n<style type=\"text\/css\" id=\"gmpMapStyles_3_40348\">\r\n\t#google_map_easy_3_40348 {\r\n        width: 100%;\r\n        height: 250px;\r\n\t\t\t\t\t\t    }\r\n\t#gmapControlsNum_3_40348 {\r\n\t\twidth:100%\t}\r\n\t.gmpMapDetailsContainer#gmpMapDetailsContainer_3_40348 {\r\n\t\theight:250px;\r\n\t}\r\n\t.gmp_MapPreview#google_map_easy_3_40348 {\r\n\t\t\/*position:absolute;*\/\r\n\t\twidth: 100%;\r\n\t}\r\n\t#mapConElem_3_40348{\r\n\t\twidth: 100%\t}\r\n    .gm-style .gm-style-iw-c{\r\n        padding: 12px!important;\r\n    }\r\n\t    <\/style>\r\n <div class=\"gmp_map_opts\" id=\"mapConElem_3_40348\" data-id=\"3\" data-view-id=\"3_40348\" > <div class=\"gmpMapDetailsContainer\" id=\"gmpMapDetailsContainer_3_40348\"> <i class=\"gmpKMLLayersPreloader fa fa-spinner fa-spin\" aria-hidden=\"true\" style=\"display: none;\"><\/i> <div class=\"gmp_MapPreview \" id=\"google_map_easy_3_40348\"><\/div> <\/div> <div class=\"gmpMapMarkerFilters\" id=\"gmpMapMarkerFilters_3_40348\"> <\/div> <div class=\"gmpMapProControlsCon\" id=\"gmpMapProControlsCon_3_40348\"> <a title=\"WordPress Google Maps Plugin\" style=\"display:none;\" href=\"https:\/\/supsystic.com\/plugins\/google-maps-plugin\/?utm_medium=love_link_hide\" target=\"_blank\">WordPress Google Maps Plugin<\/a><div style=\"clear: both;\"><\/div> <\/div> <div class=\"gmpMapProDirectionsCon\" id=\"gmpMapProDirectionsCon_3_40348\" > <\/div> <div class=\"gmpMapProKmlFilterCon\" id=\"gmpMapProKmlFilterCon_3_40348\" > <\/div> <div class=\"gmpSocialSharingShell gmpSocialSharingShell_3_40348\"> <\/div> <div style=\"clear: both;\"><\/div> <\/div> \n\n\n\n<div class=\"wp-block-media-text alignwide is-stacked-on-mobile is-vertically-aligned-center uds-noshow\"><figure class=\"wp-block-media-text__media\"><a href=\"https:\/\/goo.gl\/maps\/Lg3pFfjt9z3Z8jBy7\" target=\"_blank\" rel=\"noreferrer noopener\"><img loading=\"lazy\" decoding=\"async\" width=\"1024\" height=\"768\" src=\"http:\/\/82.65.63.100\/wordpress\/wp-content\/uploads\/2023\/08\/Salle_des_sports_Michel_Bernard-1024x768.jpg\" alt=\"\" class=\"wp-image-696 size-full\" srcset=\"http:\/\/82.65.63.100\/wordpress\/wp-content\/uploads\/2023\/08\/Salle_des_sports_Michel_Bernard-1024x768.jpg 1024w, http:\/\/82.65.63.100\/wordpress\/wp-content\/uploads\/2023\/08\/Salle_des_sports_Michel_Bernard-300x225.jpg 300w, http:\/\/82.65.63.100\/wordpress\/wp-content\/uploads\/2023\/08\/Salle_des_sports_Michel_Bernard-768x576.jpg 768w, http:\/\/82.65.63.100\/wordpress\/wp-content\/uploads\/2023\/08\/Salle_des_sports_Michel_Bernard.jpg 1200w\" sizes=\"auto, (max-width: 1024px) 100vw, 1024px\" \/><\/a><\/figure><div class=\"wp-block-media-text__content\">\n<p><mark style=\"background-color:rgba(0, 0, 0, 0)\" class=\"has-inline-color has-vivid-cyan-blue-color\">Salle des Sports Michel Bernard<br>23 Rue Marcel Buns,\u00a0<br>59187\u00a0Dechy<br><a href=\"tel:0327875128\">03 27 87 51 28<\/a><br><\/mark>Salle des Sports Michel Bernard est une installation sportive situ\u00e9e dans la commune de Dechy dans le d\u00e9partement Nord (59). Elle a \u00e9t\u00e9 mise en service en 1995 et elle dispose d&rsquo;une salle de basket avec un rev\u00eatement synth\u00e9tique et compte 0 place en tribune.<\/p>\n<\/div><\/div>\n","protected":false},"excerpt":{"rendered":"<p>Salle des Sports Michel Bernard23 Rue Marcel Buns,&nbsp;59187&nbsp;Dechy03 27 87 51 28La salle des Sports [&hellip;]<\/p>\n","protected":false},"author":1,"featured_media":0,"parent":0,"menu_order":0,"comment_status":"closed","ping_status":"closed","template":"","meta":{"editor_plus_copied_stylings":"{}","footnotes":""},"class_list":["post-506","page","type-page","status-publish","hentry"],"_links":{"self":[{"href":"http:\/\/82.65.63.100\/wordpress\/wp-json\/wp\/v2\/pages\/506","targetHints":{"allow":["GET"]}}],"collection":[{"href":"http:\/\/82.65.63.100\/wordpress\/wp-json\/wp\/v2\/pages"}],"about":[{"href":"http:\/\/82.65.63.100\/wordpress\/wp-json\/wp\/v2\/types\/page"}],"author":[{"embeddable":true,"href":"http:\/\/82.65.63.100\/wordpress\/wp-json\/wp\/v2\/users\/1"}],"replies":[{"embeddable":true,"href":"http:\/\/82.65.63.100\/wordpress\/wp-json\/wp\/v2\/comments?post=506"}],"version-history":[{"count":18,"href":"http:\/\/82.65.63.100\/wordpress\/wp-json\/wp\/v2\/pages\/506\/revisions"}],"predecessor-version":[{"id":754,"href":"http:\/\/82.65.63.100\/wordpress\/wp-json\/wp\/v2\/pages\/506\/revisions\/754"}],"wp:attachment":[{"href":"http:\/\/82.65.63.100\/wordpress\/wp-json\/wp\/v2\/media?parent=506"}],"curies":[{"name":"wp","href":"https:\/\/api.w.org\/{rel}","templated":true}]}}