{"id":1831,"date":"2023-09-02T21:44:42","date_gmt":"2023-09-02T19:44:42","guid":{"rendered":"http:\/\/82.65.63.100\/wordpress\/?page_id=1831"},"modified":"2023-09-03T21:25:49","modified_gmt":"2023-09-03T19:25:49","slug":"la-salle-multisports-abel-michea","status":"publish","type":"page","link":"http:\/\/82.65.63.100\/wordpress\/la-salle-multisports-abel-michea\/","title":{"rendered":"La salle multisports Abel Michea"},"content":{"rendered":"\n<p class=\" eplus-wrapper\"><\/p>\n\n\n<div class=\"wp-block-columns alignwide eplus-wrapper is-layout-flex wp-container-core-columns-is-layout-9d6595d7 wp-block-columns-is-layout-flex eplus-styles-uid-e31604\">\n<div class=\"wp-block-column is-vertically-aligned-center eplus-wrapper is-layout-flow wp-block-column-is-layout-flow\">\n<figure class=\"uds-shadow is-style-default wp-block-image size-large eplus-wrapper\"><a href=\"https:\/\/goo.gl\/maps\/6fY8Hc72cLhekuft5\" target=\"_blank\" rel=\"noreferrer noopener\"><img loading=\"lazy\" decoding=\"async\" width=\"1024\" height=\"513\" src=\"http:\/\/82.65.63.100\/wordpress\/wp-content\/uploads\/2023\/09\/Salle_Michea-1024x513.jpg\" alt=\"\" class=\"wp-image-1817\" srcset=\"http:\/\/82.65.63.100\/wordpress\/wp-content\/uploads\/2023\/09\/Salle_Michea-1024x513.jpg 1024w, http:\/\/82.65.63.100\/wordpress\/wp-content\/uploads\/2023\/09\/Salle_Michea-300x150.jpg 300w, http:\/\/82.65.63.100\/wordpress\/wp-content\/uploads\/2023\/09\/Salle_Michea-768x385.jpg 768w, http:\/\/82.65.63.100\/wordpress\/wp-content\/uploads\/2023\/09\/Salle_Michea.jpg 1328w\" sizes=\"auto, (max-width: 1024px) 100vw, 1024px\" \/><\/a><\/figure>\n<\/div>\n\n\n\n<div class=\"wp-block-column is-vertically-aligned-top eplus-wrapper is-layout-flow wp-block-column-is-layout-flow\" style=\"flex-basis:46%\">\n<p class=\" eplus-wrapper\"><br><strong><mark style=\"background-color:rgba(0, 0, 0, 0)\" class=\"has-inline-color has-vivid-cyan-blue-color\">181 Rue Paul Eluard, <br>59287 Guesnain<\/mark><\/strong><br>Le Complexe Sportif Stade Robert Barran est situ\u00e9 dans la commune de Guesnain (59). Il abrite la salle multisports Abel Michea. La salle dispose d&rsquo;un rev\u00eatement synth\u00e9tique, de 3 vestiaires avec douches et d\u2019une tribune de 144 places.<\/p>\n<\/div>\n<\/div>\n\n<style type=\"text\/css\" id=\"gmpMapStyles_5_97581\">\r\n\t#google_map_easy_5_97581 {\r\n        width: 100%;\r\n        height: 250px;\r\n\t\t\t\t\t\t    }\r\n\t#gmapControlsNum_5_97581 {\r\n\t\twidth:100%\t}\r\n\t.gmpMapDetailsContainer#gmpMapDetailsContainer_5_97581 {\r\n\t\theight:250px;\r\n\t}\r\n\t.gmp_MapPreview#google_map_easy_5_97581 {\r\n\t\t\/*position:absolute;*\/\r\n\t\twidth: 100%;\r\n\t}\r\n\t#mapConElem_5_97581{\r\n\t\twidth: 100%\t}\r\n    .gm-style .gm-style-iw-c{\r\n        padding: 12px!important;\r\n    }\r\n\t    <\/style>\r\n <div class=\"gmp_map_opts\" id=\"mapConElem_5_97581\" data-id=\"5\" data-view-id=\"5_97581\" > <div class=\"gmpMapDetailsContainer\" id=\"gmpMapDetailsContainer_5_97581\"> <i class=\"gmpKMLLayersPreloader fa fa-spinner fa-spin\" aria-hidden=\"true\" style=\"display: none;\"><\/i> <div class=\"gmp_MapPreview \" id=\"google_map_easy_5_97581\"><\/div> <\/div> <div class=\"gmpMapMarkerFilters\" id=\"gmpMapMarkerFilters_5_97581\"> <\/div> <div class=\"gmpMapProControlsCon\" id=\"gmpMapProControlsCon_5_97581\"> <a title=\"WordPress Google Maps Plugin\" style=\"display:none;\" href=\"https:\/\/supsystic.com\/plugins\/google-maps-plugin\/?utm_medium=love_link_hide\" target=\"_blank\">WordPress Google Maps Plugin<\/a><div style=\"clear: both;\"><\/div> <\/div> <div class=\"gmpMapProDirectionsCon\" id=\"gmpMapProDirectionsCon_5_97581\" > <\/div> <div class=\"gmpMapProKmlFilterCon\" id=\"gmpMapProKmlFilterCon_5_97581\" > <\/div> <div class=\"gmpSocialSharingShell gmpSocialSharingShell_5_97581\"> <\/div> <div style=\"clear: both;\"><\/div> <\/div> \n","protected":false},"excerpt":{"rendered":"<p>181 Rue Paul Eluard, 59287 GuesnainLe Complexe Sportif Stade Robert Barran est situ\u00e9 dans la [&hellip;]<\/p>\n","protected":false},"author":1,"featured_media":0,"parent":0,"menu_order":0,"comment_status":"closed","ping_status":"closed","template":"","meta":{"editor_plus_copied_stylings":"{}","footnotes":""},"class_list":["post-1831","page","type-page","status-publish","hentry"],"_links":{"self":[{"href":"http:\/\/82.65.63.100\/wordpress\/wp-json\/wp\/v2\/pages\/1831","targetHints":{"allow":["GET"]}}],"collection":[{"href":"http:\/\/82.65.63.100\/wordpress\/wp-json\/wp\/v2\/pages"}],"about":[{"href":"http:\/\/82.65.63.100\/wordpress\/wp-json\/wp\/v2\/types\/page"}],"author":[{"embeddable":true,"href":"http:\/\/82.65.63.100\/wordpress\/wp-json\/wp\/v2\/users\/1"}],"replies":[{"embeddable":true,"href":"http:\/\/82.65.63.100\/wordpress\/wp-json\/wp\/v2\/comments?post=1831"}],"version-history":[{"count":5,"href":"http:\/\/82.65.63.100\/wordpress\/wp-json\/wp\/v2\/pages\/1831\/revisions"}],"predecessor-version":[{"id":1920,"href":"http:\/\/82.65.63.100\/wordpress\/wp-json\/wp\/v2\/pages\/1831\/revisions\/1920"}],"wp:attachment":[{"href":"http:\/\/82.65.63.100\/wordpress\/wp-json\/wp\/v2\/media?parent=1831"}],"curies":[{"name":"wp","href":"https:\/\/api.w.org\/{rel}","templated":true}]}}