{"id":141,"date":"2023-07-24T08:59:57","date_gmt":"2023-07-24T06:59:57","guid":{"rendered":"http:\/\/82.65.63.100\/wordpress\/?page_id=141"},"modified":"2023-08-03T18:01:49","modified_gmt":"2023-08-03T16:01:49","slug":"le-complexe-sportif-jean-mercier","status":"publish","type":"page","link":"http:\/\/82.65.63.100\/wordpress\/le-complexe-sportif-jean-mercier\/","title":{"rendered":"Le complexe sportif Jean Mercier"},"content":{"rendered":"\n<div class=\"wp-block-columns alignwide is-layout-flex wp-container-core-columns-is-layout-9d6595d7 wp-block-columns-is-layout-flex\">\n<div class=\"wp-block-column is-vertically-aligned-center is-layout-flow wp-block-column-is-layout-flow\">\n<figure class=\"wp-block-image size-large uds-shadow is-style-default\"><a href=\"https:\/\/goo.gl\/maps\/68vxMdt18XZXwx1EA\" target=\"_blank\" rel=\"noreferrer noopener\"><img loading=\"lazy\" decoding=\"async\" width=\"1024\" height=\"487\" src=\"http:\/\/82.65.63.100\/wordpress\/wp-content\/uploads\/2023\/08\/Complexe_sportif_Jean_Mercier-1024x487.jpg\" alt=\"\" class=\"wp-image-678\" srcset=\"http:\/\/82.65.63.100\/wordpress\/wp-content\/uploads\/2023\/08\/Complexe_sportif_Jean_Mercier-1024x487.jpg 1024w, http:\/\/82.65.63.100\/wordpress\/wp-content\/uploads\/2023\/08\/Complexe_sportif_Jean_Mercier-300x143.jpg 300w, http:\/\/82.65.63.100\/wordpress\/wp-content\/uploads\/2023\/08\/Complexe_sportif_Jean_Mercier-768x366.jpg 768w, http:\/\/82.65.63.100\/wordpress\/wp-content\/uploads\/2023\/08\/Complexe_sportif_Jean_Mercier.jpg 1080w\" sizes=\"auto, (max-width: 1024px) 100vw, 1024px\" \/><\/a><\/figure>\n<\/div>\n\n\n\n<div class=\"wp-block-column is-vertically-aligned-top is-layout-flow wp-block-column-is-layout-flow\" style=\"flex-basis:46%\">\n<p><br><strong><mark style=\"background-color:rgba(0, 0, 0, 0)\" class=\"has-inline-color has-vivid-cyan-blue-color\">280 Rue Arthur Rimbaud, <br>59450 Sin-le-Noble<\/mark><\/strong><br>Le Complexe Sportif Jean Mercier est situ\u00e9 dans la commune de Sin-le-Noble (59). Il abrite la Salle de basket Jean Degros. La salle dispose d&rsquo;un rev\u00eatement synth\u00e9tique, de 4 vestiaires avec douches et d\u2019une tribune de 450 places.<\/p>\n<\/div>\n<\/div>\n\n\n<style type=\"text\/css\" id=\"gmpMapStyles_2_62926\">\r\n\t#google_map_easy_2_62926 {\r\n        width: 100%;\r\n        height: 250px;\r\n\t\t\t\t\t\t    }\r\n\t#gmapControlsNum_2_62926 {\r\n\t\twidth:100%\t}\r\n\t.gmpMapDetailsContainer#gmpMapDetailsContainer_2_62926 {\r\n\t\theight:250px;\r\n\t}\r\n\t.gmp_MapPreview#google_map_easy_2_62926 {\r\n\t\t\/*position:absolute;*\/\r\n\t\twidth: 100%;\r\n\t}\r\n\t#mapConElem_2_62926{\r\n\t\twidth: 100%\t}\r\n    .gm-style .gm-style-iw-c{\r\n        padding: 12px!important;\r\n    }\r\n\t    <\/style>\r\n <div class=\"gmp_map_opts\" id=\"mapConElem_2_62926\" data-id=\"2\" data-view-id=\"2_62926\" > <div class=\"gmpMapDetailsContainer\" id=\"gmpMapDetailsContainer_2_62926\"> <i class=\"gmpKMLLayersPreloader fa fa-spinner fa-spin\" aria-hidden=\"true\" style=\"display: none;\"><\/i> <div class=\"gmp_MapPreview \" id=\"google_map_easy_2_62926\"><\/div> <\/div> <div class=\"gmpMapMarkerFilters\" id=\"gmpMapMarkerFilters_2_62926\"> <\/div> <div class=\"gmpMapProControlsCon\" id=\"gmpMapProControlsCon_2_62926\"> <a title=\"WordPress Google Maps Plugin\" style=\"display:none;\" href=\"https:\/\/supsystic.com\/plugins\/google-maps-plugin\/?utm_medium=love_link_hide\" target=\"_blank\">WordPress Google Maps Plugin<\/a><div style=\"clear: both;\"><\/div> <\/div> <div class=\"gmpMapProDirectionsCon\" id=\"gmpMapProDirectionsCon_2_62926\" > <\/div> <div class=\"gmpMapProKmlFilterCon\" id=\"gmpMapProKmlFilterCon_2_62926\" > <\/div> <div class=\"gmpSocialSharingShell gmpSocialSharingShell_2_62926\"> <\/div> <div style=\"clear: both;\"><\/div> <\/div> \n\n\n\n<div class=\"wp-block-media-text alignwide is-stacked-on-mobile is-vertically-aligned-center uds-noshow\"><figure class=\"wp-block-media-text__media\"><a href=\"https:\/\/goo.gl\/maps\/68vxMdt18XZXwx1EA\" target=\"_blank\" rel=\"noreferrer noopener\"><img loading=\"lazy\" decoding=\"async\" width=\"1024\" height=\"487\" src=\"http:\/\/82.65.63.100\/wordpress\/wp-content\/uploads\/2023\/08\/Complexe_sportif_Jean_Mercier-1024x487.jpg\" alt=\"\" class=\"wp-image-678 size-full\" srcset=\"http:\/\/82.65.63.100\/wordpress\/wp-content\/uploads\/2023\/08\/Complexe_sportif_Jean_Mercier-1024x487.jpg 1024w, http:\/\/82.65.63.100\/wordpress\/wp-content\/uploads\/2023\/08\/Complexe_sportif_Jean_Mercier-300x143.jpg 300w, http:\/\/82.65.63.100\/wordpress\/wp-content\/uploads\/2023\/08\/Complexe_sportif_Jean_Mercier-768x366.jpg 768w, http:\/\/82.65.63.100\/wordpress\/wp-content\/uploads\/2023\/08\/Complexe_sportif_Jean_Mercier.jpg 1080w\" sizes=\"auto, (max-width: 1024px) 100vw, 1024px\" \/><\/a><\/figure><div class=\"wp-block-media-text__content\">\n<p><strong><mark style=\"background-color:rgba(0, 0, 0, 0)\" class=\"has-inline-color has-vivid-cyan-blue-color\">280 Rue Arthur Rimbaud, <br>59450 Sin-le-Noble<\/mark><\/strong><br>Le Complexe Sportif Jean Mercier est situ\u00e9 dans la commune de Sin-le-Noble (59). Il abrite la Salle de basket Jean Degros. La salle dispose d&rsquo;un rev\u00eatement synth\u00e9tique, de 4 vestiaires avec douches et d\u2019une tribune de 450 places.<\/p>\n<\/div><\/div>\n","protected":false},"excerpt":{"rendered":"<p>280 Rue Arthur Rimbaud, 59450 Sin-le-NobleLe Complexe Sportif Jean Mercier est situ\u00e9 dans la commune [&hellip;]<\/p>\n","protected":false},"author":1,"featured_media":0,"parent":0,"menu_order":0,"comment_status":"closed","ping_status":"closed","template":"","meta":{"editor_plus_copied_stylings":"{}","footnotes":""},"class_list":["post-141","page","type-page","status-publish","hentry"],"_links":{"self":[{"href":"http:\/\/82.65.63.100\/wordpress\/wp-json\/wp\/v2\/pages\/141","targetHints":{"allow":["GET"]}}],"collection":[{"href":"http:\/\/82.65.63.100\/wordpress\/wp-json\/wp\/v2\/pages"}],"about":[{"href":"http:\/\/82.65.63.100\/wordpress\/wp-json\/wp\/v2\/types\/page"}],"author":[{"embeddable":true,"href":"http:\/\/82.65.63.100\/wordpress\/wp-json\/wp\/v2\/users\/1"}],"replies":[{"embeddable":true,"href":"http:\/\/82.65.63.100\/wordpress\/wp-json\/wp\/v2\/comments?post=141"}],"version-history":[{"count":17,"href":"http:\/\/82.65.63.100\/wordpress\/wp-json\/wp\/v2\/pages\/141\/revisions"}],"predecessor-version":[{"id":1832,"href":"http:\/\/82.65.63.100\/wordpress\/wp-json\/wp\/v2\/pages\/141\/revisions\/1832"}],"wp:attachment":[{"href":"http:\/\/82.65.63.100\/wordpress\/wp-json\/wp\/v2\/media?parent=141"}],"curies":[{"name":"wp","href":"https:\/\/api.w.org\/{rel}","templated":true}]}}