{"id":136,"date":"2023-07-24T08:53:33","date_gmt":"2023-07-24T06:53:33","guid":{"rendered":"http:\/\/82.65.63.100\/wordpress\/?page_id=136"},"modified":"2023-08-29T22:53:36","modified_gmt":"2023-08-29T20:53:36","slug":"le-bureau","status":"publish","type":"page","link":"http:\/\/82.65.63.100\/wordpress\/le-bureau\/","title":{"rendered":"Le bureau"},"content":{"rendered":"<div class=\"wp-block-columns eplus-wrapper is-layout-flex wp-container-core-columns-is-layout-9d6595d7 wp-block-columns-is-layout-flex eplus-styles-uid-ec25e7\">\n<div class=\"uds_identite wp-block-column eplus-wrapper is-layout-flow wp-block-column-is-layout-flow\"><div class=\"wp-block-image\">\n<figure class=\" aligncenter size-full eplus-wrapper\"><img loading=\"lazy\" decoding=\"async\" width=\"350\" height=\"350\" src=\"http:\/\/82.65.63.100\/wordpress\/wp-content\/uploads\/2023\/08\/Helon-Carine.png\" alt=\"\" class=\"wp-image-1664\" srcset=\"http:\/\/82.65.63.100\/wordpress\/wp-content\/uploads\/2023\/08\/Helon-Carine.png 350w, http:\/\/82.65.63.100\/wordpress\/wp-content\/uploads\/2023\/08\/Helon-Carine-300x300.png 300w, http:\/\/82.65.63.100\/wordpress\/wp-content\/uploads\/2023\/08\/Helon-Carine-150x150.png 150w\" sizes=\"auto, (max-width: 350px) 100vw, 350px\" \/><\/figure><\/div>\n\n\n<h2 class=\"has-text-align-center eplus-wrapper wp-block-heading\">Carine HELON<\/h2>\n\n\n\n<p class=\" has-text-align-center eplus-wrapper\">Pr\u00e9sidente<\/p>\n<\/div>\n\n\n\n<div class=\"uds_identite wp-block-column eplus-wrapper is-layout-flow wp-block-column-is-layout-flow\"><div class=\"wp-block-image\">\n<figure class=\" aligncenter size-full eplus-wrapper\"><img loading=\"lazy\" decoding=\"async\" width=\"250\" height=\"250\" src=\"http:\/\/82.65.63.100\/wordpress\/wp-content\/uploads\/2023\/08\/Decroo-Patrick.png\" alt=\"\" class=\"wp-image-1711\" srcset=\"http:\/\/82.65.63.100\/wordpress\/wp-content\/uploads\/2023\/08\/Decroo-Patrick.png 250w, http:\/\/82.65.63.100\/wordpress\/wp-content\/uploads\/2023\/08\/Decroo-Patrick-150x150.png 150w\" sizes=\"auto, (max-width: 250px) 100vw, 250px\" \/><\/figure><\/div>\n\n\n<h2 class=\"has-text-align-center eplus-wrapper wp-block-heading\">Patrick DECROO<\/h2>\n\n\n\n<p class=\" has-text-align-center eplus-wrapper\">Vice-Pr\u00e9sident<\/p>\n<\/div>\n\n\n\n<div class=\"uds_identite wp-block-column eplus-wrapper is-layout-flow wp-block-column-is-layout-flow\"><div class=\"wp-block-image\">\n<figure class=\" aligncenter size-full eplus-wrapper\"><img loading=\"lazy\" decoding=\"async\" width=\"350\" height=\"350\" src=\"http:\/\/82.65.63.100\/wordpress\/wp-content\/uploads\/2023\/08\/Carpeza-Laurence.png\" alt=\"\" class=\"wp-image-1684\" srcset=\"http:\/\/82.65.63.100\/wordpress\/wp-content\/uploads\/2023\/08\/Carpeza-Laurence.png 350w, http:\/\/82.65.63.100\/wordpress\/wp-content\/uploads\/2023\/08\/Carpeza-Laurence-300x300.png 300w, http:\/\/82.65.63.100\/wordpress\/wp-content\/uploads\/2023\/08\/Carpeza-Laurence-150x150.png 150w\" sizes=\"auto, (max-width: 350px) 100vw, 350px\" \/><\/figure><\/div>\n\n\n<h2 class=\"has-text-align-center eplus-wrapper wp-block-heading\">Laurence CARPEZA<\/h2>\n\n\n\n<p class=\" has-text-align-center eplus-wrapper\">Tr\u00e9sori\u00e8re<\/p>\n<\/div>\n\n\n\n<div class=\"uds_identite wp-block-column eplus-wrapper is-layout-flow wp-block-column-is-layout-flow\"><div class=\"wp-block-image\">\n<figure class=\" aligncenter size-full eplus-wrapper\"><img loading=\"lazy\" decoding=\"async\" width=\"250\" height=\"250\" src=\"http:\/\/82.65.63.100\/wordpress\/wp-content\/uploads\/2023\/08\/Meurkens-Virginie.png\" alt=\"\" class=\"wp-image-1686\" srcset=\"http:\/\/82.65.63.100\/wordpress\/wp-content\/uploads\/2023\/08\/Meurkens-Virginie.png 250w, http:\/\/82.65.63.100\/wordpress\/wp-content\/uploads\/2023\/08\/Meurkens-Virginie-150x150.png 150w\" sizes=\"auto, (max-width: 250px) 100vw, 250px\" \/><\/figure><\/div>\n\n\n<h2 class=\"has-text-align-center eplus-wrapper wp-block-heading\">Virginie MEURKENS<\/h2>\n\n\n\n<p class=\" has-text-align-center eplus-wrapper\">Secr\u00e9taire<\/p>\n<\/div>\n<\/div>\n\n<div class=\"wp-block-columns eplus-wrapper is-layout-flex wp-container-core-columns-is-layout-9d6595d7 wp-block-columns-is-layout-flex eplus-styles-uid-ccb67c\">\n<div class=\"uds_identite wp-block-column eplus-wrapper is-layout-flow wp-block-column-is-layout-flow\"><div class=\"wp-block-image\">\n<figure class=\" aligncenter size-full eplus-wrapper\"><img loading=\"lazy\" decoding=\"async\" width=\"350\" height=\"350\" src=\"http:\/\/82.65.63.100\/wordpress\/wp-content\/uploads\/2023\/08\/Winnicki-Christophe.png\" alt=\"\" class=\"wp-image-1687\" srcset=\"http:\/\/82.65.63.100\/wordpress\/wp-content\/uploads\/2023\/08\/Winnicki-Christophe.png 350w, http:\/\/82.65.63.100\/wordpress\/wp-content\/uploads\/2023\/08\/Winnicki-Christophe-300x300.png 300w, http:\/\/82.65.63.100\/wordpress\/wp-content\/uploads\/2023\/08\/Winnicki-Christophe-150x150.png 150w\" sizes=\"auto, (max-width: 350px) 100vw, 350px\" \/><\/figure><\/div>\n\n\n<h2 class=\"has-text-align-center eplus-wrapper wp-block-heading\">Christophe WINNICKI<\/h2>\n\n\n\n<p class=\" has-text-align-center eplus-wrapper\">Membre<\/p>\n<\/div>\n\n\n\n<div class=\"uds_identite wp-block-column eplus-wrapper is-layout-flow wp-block-column-is-layout-flow\"><div class=\"wp-block-image\">\n<figure class=\" aligncenter size-full eplus-wrapper\"><img loading=\"lazy\" decoding=\"async\" width=\"350\" height=\"350\" src=\"http:\/\/82.65.63.100\/wordpress\/wp-content\/uploads\/2023\/08\/Guenez-Jean-pierre.png\" alt=\"\" class=\"wp-image-1688\" srcset=\"http:\/\/82.65.63.100\/wordpress\/wp-content\/uploads\/2023\/08\/Guenez-Jean-pierre.png 350w, http:\/\/82.65.63.100\/wordpress\/wp-content\/uploads\/2023\/08\/Guenez-Jean-pierre-300x300.png 300w, http:\/\/82.65.63.100\/wordpress\/wp-content\/uploads\/2023\/08\/Guenez-Jean-pierre-150x150.png 150w\" sizes=\"auto, (max-width: 350px) 100vw, 350px\" \/><\/figure><\/div>\n\n\n<h2 class=\"has-text-align-center eplus-wrapper wp-block-heading\">Jean-Pierre GUENEZ<\/h2>\n\n\n\n<p class=\" has-text-align-center eplus-wrapper\">Membre<\/p>\n<\/div>\n\n\n\n<div class=\"uds_identite wp-block-column eplus-wrapper is-layout-flow wp-block-column-is-layout-flow\"><div class=\"wp-block-image\">\n<figure class=\" aligncenter size-full eplus-wrapper\"><img loading=\"lazy\" decoding=\"async\" width=\"250\" height=\"250\" src=\"http:\/\/82.65.63.100\/wordpress\/wp-content\/uploads\/2023\/08\/Perilli-Jonathan.png\" alt=\"\" class=\"wp-image-1690\" srcset=\"http:\/\/82.65.63.100\/wordpress\/wp-content\/uploads\/2023\/08\/Perilli-Jonathan.png 250w, http:\/\/82.65.63.100\/wordpress\/wp-content\/uploads\/2023\/08\/Perilli-Jonathan-150x150.png 150w\" sizes=\"auto, (max-width: 250px) 100vw, 250px\" \/><\/figure><\/div>\n\n\n<h2 class=\"has-text-align-center eplus-wrapper wp-block-heading\">Nathan PERILLI<\/h2>\n\n\n\n<p class=\" has-text-align-center eplus-wrapper\">Membre<\/p>\n<\/div>\n\n\n\n<div class=\"uds_identite wp-block-column eplus-wrapper is-layout-flow wp-block-column-is-layout-flow\"><div class=\"wp-block-image\">\n<figure class=\" aligncenter size-full eplus-wrapper\"><img loading=\"lazy\" decoding=\"async\" width=\"350\" height=\"350\" src=\"http:\/\/82.65.63.100\/wordpress\/wp-content\/uploads\/2023\/08\/Mielcarz-Jerome.png\" alt=\"\" class=\"wp-image-1691\" srcset=\"http:\/\/82.65.63.100\/wordpress\/wp-content\/uploads\/2023\/08\/Mielcarz-Jerome.png 350w, http:\/\/82.65.63.100\/wordpress\/wp-content\/uploads\/2023\/08\/Mielcarz-Jerome-300x300.png 300w, http:\/\/82.65.63.100\/wordpress\/wp-content\/uploads\/2023\/08\/Mielcarz-Jerome-150x150.png 150w\" sizes=\"auto, (max-width: 350px) 100vw, 350px\" \/><\/figure><\/div>\n\n\n<h2 class=\"has-text-align-center eplus-wrapper wp-block-heading\">J\u00e9r\u00f4me MIELCARZ<\/h2>\n\n\n\n<p class=\" has-text-align-center eplus-wrapper\">Membre<\/p>\n<\/div>\n<\/div>\n\n<div class=\"wp-block-columns eplus-wrapper is-layout-flex wp-container-core-columns-is-layout-9d6595d7 wp-block-columns-is-layout-flex eplus-styles-uid-58440c\">\n<div class=\"uds_identite wp-block-column eplus-wrapper is-layout-flow wp-block-column-is-layout-flow\"><div class=\"wp-block-image\">\n<figure class=\" aligncenter size-full eplus-wrapper\"><img loading=\"lazy\" decoding=\"async\" width=\"328\" height=\"326\" src=\"http:\/\/82.65.63.100\/wordpress\/wp-content\/uploads\/2023\/08\/Inconnu-2.png\" alt=\"\" class=\"wp-image-1707\" srcset=\"http:\/\/82.65.63.100\/wordpress\/wp-content\/uploads\/2023\/08\/Inconnu-2.png 328w, http:\/\/82.65.63.100\/wordpress\/wp-content\/uploads\/2023\/08\/Inconnu-2-300x298.png 300w, http:\/\/82.65.63.100\/wordpress\/wp-content\/uploads\/2023\/08\/Inconnu-2-150x150.png 150w\" sizes=\"auto, (max-width: 328px) 100vw, 328px\" \/><\/figure><\/div>\n\n\n<h2 class=\"has-text-align-center eplus-wrapper wp-block-heading\">Nordine ABI<\/h2>\n\n\n\n<p class=\" has-text-align-center eplus-wrapper\">Membre<\/p>\n<\/div>\n\n\n\n<div class=\"uds_identite wp-block-column eplus-wrapper is-layout-flow wp-block-column-is-layout-flow\"><div class=\"wp-block-image\">\n<figure class=\" aligncenter size-full eplus-wrapper\"><img loading=\"lazy\" decoding=\"async\" width=\"350\" height=\"350\" src=\"http:\/\/82.65.63.100\/wordpress\/wp-content\/uploads\/2023\/08\/Abdellaoui-Mohamed.png\" alt=\"\" class=\"wp-image-1692\" srcset=\"http:\/\/82.65.63.100\/wordpress\/wp-content\/uploads\/2023\/08\/Abdellaoui-Mohamed.png 350w, http:\/\/82.65.63.100\/wordpress\/wp-content\/uploads\/2023\/08\/Abdellaoui-Mohamed-300x300.png 300w, http:\/\/82.65.63.100\/wordpress\/wp-content\/uploads\/2023\/08\/Abdellaoui-Mohamed-150x150.png 150w\" sizes=\"auto, (max-width: 350px) 100vw, 350px\" \/><\/figure><\/div>\n\n\n<h2 class=\"has-text-align-center eplus-wrapper wp-block-heading\">Mohamed ABDELLAOUI<\/h2>\n\n\n\n<p class=\" has-text-align-center eplus-wrapper\">Membre<\/p>\n<\/div>\n\n\n\n<div class=\"uds_identite wp-block-column eplus-wrapper is-layout-flow wp-block-column-is-layout-flow\"><div class=\"wp-block-image\">\n<figure class=\" aligncenter size-full eplus-wrapper\"><img loading=\"lazy\" decoding=\"async\" width=\"350\" height=\"350\" src=\"http:\/\/82.65.63.100\/wordpress\/wp-content\/uploads\/2023\/08\/Champion-Stephane.png\" alt=\"\" class=\"wp-image-1693\" srcset=\"http:\/\/82.65.63.100\/wordpress\/wp-content\/uploads\/2023\/08\/Champion-Stephane.png 350w, http:\/\/82.65.63.100\/wordpress\/wp-content\/uploads\/2023\/08\/Champion-Stephane-300x300.png 300w, http:\/\/82.65.63.100\/wordpress\/wp-content\/uploads\/2023\/08\/Champion-Stephane-150x150.png 150w\" sizes=\"auto, (max-width: 350px) 100vw, 350px\" \/><\/figure><\/div>\n\n\n<h2 class=\"has-text-align-center eplus-wrapper wp-block-heading\">St\u00e9phane CHAMPION<\/h2>\n\n\n\n<p class=\" has-text-align-center eplus-wrapper\">Membre<\/p>\n<\/div>\n\n\n\n<div class=\"uds_identite wp-block-column eplus-wrapper is-layout-flow wp-block-column-is-layout-flow\"><\/div>\n<\/div>\n\n<div class=\"eplus-wrapper wp-block-columns is-layout-flex wp-container-core-columns-is-layout-9d6595d7 wp-block-columns-is-layout-flex eplus-styles-uid-9d60c2\">\n<div class=\"eplus-wrapper wp-block-column is-layout-flow wp-block-column-is-layout-flow\"><\/div>\n<\/div>\n\n<div class=\"eplus-wrapper wp-block-columns is-layout-flex wp-container-core-columns-is-layout-9d6595d7 wp-block-columns-is-layout-flex eplus-styles-uid-b3851b\">\n<div class=\"eplus-wrapper wp-block-column is-layout-flow wp-block-column-is-layout-flow\">\n<div class=\"eplus-wrapper wp-block-group is-nowrap is-layout-flex wp-container-core-group-is-layout-ad2f72ca wp-block-group-is-layout-flex\"><\/div>\n<\/div>\n<\/div>\n\n\n<div class=\"uds-under_building_area uds-shadow uds-border\">\n    <div class=\"uds-under_building_ball\">\n      <div class=\"uds-under_building_smash_ball\">\n        <div class=\"uds-under_building_bouncing_ball_shadow\">\n          <div class=\"uds-under_building_bouncing_ball_light\"><\/div>\n          <div class=\"uds-under_building_bouncing_ball_rotation\"><\/div>\n        <\/div>\n      <\/div>\n    <\/div>\n    <div class=\"uds-under_building_text\">\n      <h2>Page en preparation&#8230;<\/h2>\n      <p>Suivez-nous sur les reseaux sociaux.<\/p>\n    <\/div>\n    <div class=\"uds-social_network\">\n<a href=\"https:\/\/www.facebook.com\/udsbasket\" rel=\"noopener nofollow\" target=\"_blank\" class=\"wp-block-social-link-anchor\"><svg width=\"24\" height=\"24\" viewBox=\"0 0 24 24\" version=\"1.1\" xmlns=\"http:\/\/www.w3.org\/2000\/svg\" aria-hidden=\"true\" focusable=\"false\"><path d=\"M12 2C6.5 2 2 6.5 2 12c0 5 3.7 9.1 8.4 9.9v-7H7.9V12h2.5V9.8c0-2.5 1.5-3.9 3.8-3.9 1.1 0 2.2.2 2.2.2v2.5h-1.3c-1.2 0-1.6.8-1.6 1.6V12h2.8l-.4 2.9h-2.3v7C18.3 21.1 22 17 22 12c0-5.5-4.5-10-10-10z\"><\/path><\/svg><span class=\"wp-block-social-link-label screen-reader-text\">Facebook<\/span><\/a>\n<a href=\"https:\/\/www.instagram.com\/uniondechysinguesnain\" rel=\"noopener nofollow\" target=\"_blank\" class=\"wp-block-social-link-anchor\"><svg width=\"24\" height=\"24\" viewBox=\"0 0 24 24\" version=\"1.1\" xmlns=\"http:\/\/www.w3.org\/2000\/svg\" aria-hidden=\"true\" focusable=\"false\"><path d=\"M12,4.622c2.403,0,2.688,0.009,3.637,0.052c0.877,0.04,1.354,0.187,1.671,0.31c0.42,0.163,0.72,0.358,1.035,0.673 c0.315,0.315,0.51,0.615,0.673,1.035c0.123,0.317,0.27,0.794,0.31,1.671c0.043,0.949,0.052,1.234,0.052,3.637 s-0.009,2.688-0.052,3.637c-0.04,0.877-0.187,1.354-0.31,1.671c-0.163,0.42-0.358,0.72-0.673,1.035 c-0.315,0.315-0.615,0.51-1.035,0.673c-0.317,0.123-0.794,0.27-1.671,0.31c-0.949,0.043-1.233,0.052-3.637,0.052 s-2.688-0.009-3.637-0.052c-0.877-0.04-1.354-0.187-1.671-0.31c-0.42-0.163-0.72-0.358-1.035-0.673 c-0.315-0.315-0.51-0.615-0.673-1.035c-0.123-0.317-0.27-0.794-0.31-1.671C4.631,14.688,4.622,14.403,4.622,12 s0.009-2.688,0.052-3.637c0.04-0.877,0.187-1.354,0.31-1.671c0.163-0.42,0.358-0.72,0.673-1.035 c0.315-0.315,0.615-0.51,1.035-0.673c0.317-0.123,0.794-0.27,1.671-0.31C9.312,4.631,9.597,4.622,12,4.622 M12,3 C9.556,3,9.249,3.01,8.289,3.054C7.331,3.098,6.677,3.25,6.105,3.472C5.513,3.702,5.011,4.01,4.511,4.511 c-0.5,0.5-0.808,1.002-1.038,1.594C3.25,6.677,3.098,7.331,3.054,8.289C3.01,9.249,3,9.556,3,12c0,2.444,0.01,2.751,0.054,3.711 c0.044,0.958,0.196,1.612,0.418,2.185c0.23,0.592,0.538,1.094,1.038,1.594c0.5,0.5,1.002,0.808,1.594,1.038 c0.572,0.222,1.227,0.375,2.185,0.418C9.249,20.99,9.556,21,12,21s2.751-0.01,3.711-0.054c0.958-0.044,1.612-0.196,2.185-0.418 c0.592-0.23,1.094-0.538,1.594-1.038c0.5-0.5,0.808-1.002,1.038-1.594c0.222-0.572,0.375-1.227,0.418-2.185 C20.99,14.751,21,14.444,21,12s-0.01-2.751-0.054-3.711c-0.044-0.958-0.196-1.612-0.418-2.185c-0.23-0.592-0.538-1.094-1.038-1.594 c-0.5-0.5-1.002-0.808-1.594-1.038c-0.572-0.222-1.227-0.375-2.185-0.418C14.751,3.01,14.444,3,12,3L12,3z M12,7.378 c-2.552,0-4.622,2.069-4.622,4.622S9.448,16.622,12,16.622s4.622-2.069,4.622-4.622S14.552,7.378,12,7.378z M12,15 c-1.657,0-3-1.343-3-3s1.343-3,3-3s3,1.343,3,3S13.657,15,12,15z M16.804,6.116c-0.596,0-1.08,0.484-1.08,1.08 s0.484,1.08,1.08,1.08c0.596,0,1.08-0.484,1.08-1.08S17.401,6.116,16.804,6.116z\"><\/path><\/svg><span class=\"wp-block-social-link-label screen-reader-text\">Instagram<\/span><\/a>\n    <\/div\n<\/div>\n","protected":false},"excerpt":{"rendered":"<p>Carine HELON Pr\u00e9sidente Patrick DECROO Vice-Pr\u00e9sident Laurence CARPEZA Tr\u00e9sori\u00e8re Virginie MEURKENS Secr\u00e9taire Christophe WINNICKI Membre [&hellip;]<\/p>\n","protected":false},"author":1,"featured_media":0,"parent":0,"menu_order":0,"comment_status":"closed","ping_status":"closed","template":"","meta":{"editor_plus_copied_stylings":"{}","footnotes":""},"class_list":["post-136","page","type-page","status-publish","hentry"],"_links":{"self":[{"href":"http:\/\/82.65.63.100\/wordpress\/wp-json\/wp\/v2\/pages\/136","targetHints":{"allow":["GET"]}}],"collection":[{"href":"http:\/\/82.65.63.100\/wordpress\/wp-json\/wp\/v2\/pages"}],"about":[{"href":"http:\/\/82.65.63.100\/wordpress\/wp-json\/wp\/v2\/types\/page"}],"author":[{"embeddable":true,"href":"http:\/\/82.65.63.100\/wordpress\/wp-json\/wp\/v2\/users\/1"}],"replies":[{"embeddable":true,"href":"http:\/\/82.65.63.100\/wordpress\/wp-json\/wp\/v2\/comments?post=136"}],"version-history":[{"count":26,"href":"http:\/\/82.65.63.100\/wordpress\/wp-json\/wp\/v2\/pages\/136\/revisions"}],"predecessor-version":[{"id":1945,"href":"http:\/\/82.65.63.100\/wordpress\/wp-json\/wp\/v2\/pages\/136\/revisions\/1945"}],"wp:attachment":[{"href":"http:\/\/82.65.63.100\/wordpress\/wp-json\/wp\/v2\/media?parent=136"}],"curies":[{"name":"wp","href":"https:\/\/api.w.org\/{rel}","templated":true}]}}