{"id":118,"date":"2023-07-23T21:42:20","date_gmt":"2023-07-23T19:42:20","guid":{"rendered":"http:\/\/82.65.63.100\/wordpress\/?page_id=118"},"modified":"2023-08-03T18:01:14","modified_gmt":"2023-08-03T16:01:14","slug":"les-salles-de-sports","status":"publish","type":"page","link":"http:\/\/82.65.63.100\/wordpress\/les-salles-de-sports\/","title":{"rendered":"La salle Jules Ladoum\u00e8gue"},"content":{"rendered":"\n<div class=\"wp-block-columns alignwide is-layout-flex wp-container-core-columns-is-layout-9d6595d7 wp-block-columns-is-layout-flex\">\n<div class=\"wp-block-column is-vertically-aligned-center is-layout-flow wp-block-column-is-layout-flow\">\n<figure class=\"wp-block-image size-full uds-shadow is-style-default\"><a href=\"https:\/\/goo.gl\/maps\/EioCJpQVtj5oVHUZ6\" target=\"_blank\" rel=\"noreferrer noopener\"><img loading=\"lazy\" decoding=\"async\" width=\"1200\" height=\"900\" src=\"http:\/\/82.65.63.100\/wordpress\/wp-content\/uploads\/2023\/08\/Salle_Ladoumegue.jpg\" alt=\"\" class=\"wp-image-702\" srcset=\"http:\/\/82.65.63.100\/wordpress\/wp-content\/uploads\/2023\/08\/Salle_Ladoumegue.jpg 1200w, http:\/\/82.65.63.100\/wordpress\/wp-content\/uploads\/2023\/08\/Salle_Ladoumegue-300x225.jpg 300w, http:\/\/82.65.63.100\/wordpress\/wp-content\/uploads\/2023\/08\/Salle_Ladoumegue-1024x768.jpg 1024w, http:\/\/82.65.63.100\/wordpress\/wp-content\/uploads\/2023\/08\/Salle_Ladoumegue-768x576.jpg 768w\" sizes=\"auto, (max-width: 1200px) 100vw, 1200px\" \/><\/a><\/figure>\n<\/div>\n\n\n\n<div class=\"wp-block-column is-vertically-aligned-top is-layout-flow wp-block-column-is-layout-flow\" style=\"flex-basis:46%\">\n<p><br><mark style=\"background-color:rgba(0, 0, 0, 0)\" class=\"has-inline-color has-vivid-cyan-blue-color\">Stade Jean Bouin \/ Salle Ladoum\u00e8gue<br>Rue Jules Guesde<br>59187 Dechy<\/mark><br>La <strong>salle Ladoum\u00e8gue<\/strong> fait partie des installations sportives du stade Jean Bouin. Elle se situe dans la commune de&nbsp;<a href=\"https:\/\/www.cartes-2-france.com\/activites\/59170-dechy.php\">Dechy<\/a>, dans le d\u00e9partement du Nord (59). Elle a \u00e9t\u00e9 mise en service en 1975 et elle dispose d\u2019une salle de basket avec un rev\u00eatement synth\u00e9tique et compte 250 places en tribunes.<\/p>\n<\/div>\n<\/div>\n\n\n<style type=\"text\/css\" id=\"gmpMapStyles_1_9887\">\r\n\t#google_map_easy_1_9887 {\r\n        width: 100%;\r\n        height: 250px;\r\n\t\t\t\t\t\t    }\r\n\t#gmapControlsNum_1_9887 {\r\n\t\twidth:100%\t}\r\n\t.gmpMapDetailsContainer#gmpMapDetailsContainer_1_9887 {\r\n\t\theight:250px;\r\n\t}\r\n\t.gmp_MapPreview#google_map_easy_1_9887 {\r\n\t\t\/*position:absolute;*\/\r\n\t\twidth: 100%;\r\n\t}\r\n\t#mapConElem_1_9887{\r\n\t\twidth: 100%\t}\r\n    .gm-style .gm-style-iw-c{\r\n        padding: 12px!important;\r\n    }\r\n\t    <\/style>\r\n <div class=\"gmp_map_opts\" id=\"mapConElem_1_9887\" data-id=\"1\" data-view-id=\"1_9887\" > <div class=\"gmpMapDetailsContainer\" id=\"gmpMapDetailsContainer_1_9887\"> <i class=\"gmpKMLLayersPreloader fa fa-spinner fa-spin\" aria-hidden=\"true\" style=\"display: none;\"><\/i> <div class=\"gmp_MapPreview \" id=\"google_map_easy_1_9887\"><\/div> <\/div> <div class=\"gmpMapMarkerFilters\" id=\"gmpMapMarkerFilters_1_9887\"> <\/div> <div class=\"gmpMapProControlsCon\" id=\"gmpMapProControlsCon_1_9887\"> <a title=\"WordPress Google Maps Plugin\" style=\"display:none;\" href=\"https:\/\/supsystic.com\/plugins\/google-maps-plugin\/?utm_medium=love_link_hide\" target=\"_blank\">WordPress Google Maps Plugin<\/a><div style=\"clear: both;\"><\/div> <\/div> <div class=\"gmpMapProDirectionsCon\" id=\"gmpMapProDirectionsCon_1_9887\" > <\/div> <div class=\"gmpMapProKmlFilterCon\" id=\"gmpMapProKmlFilterCon_1_9887\" > <\/div> <div class=\"gmpSocialSharingShell gmpSocialSharingShell_1_9887\"> <\/div> <div style=\"clear: both;\"><\/div> <\/div> \n\n\n\n<div class=\"wp-block-media-text alignwide is-stacked-on-mobile is-vertically-aligned-center uds-noshow\"><figure class=\"wp-block-media-text__media\"><a href=\"https:\/\/goo.gl\/maps\/EioCJpQVtj5oVHUZ6\" target=\"_blank\" rel=\"noreferrer noopener\"><img loading=\"lazy\" decoding=\"async\" width=\"1200\" height=\"900\" src=\"http:\/\/82.65.63.100\/wordpress\/wp-content\/uploads\/2023\/08\/Salle_Ladoumegue.jpg\" alt=\"\" class=\"wp-image-702 size-full\" srcset=\"http:\/\/82.65.63.100\/wordpress\/wp-content\/uploads\/2023\/08\/Salle_Ladoumegue.jpg 1200w, http:\/\/82.65.63.100\/wordpress\/wp-content\/uploads\/2023\/08\/Salle_Ladoumegue-300x225.jpg 300w, http:\/\/82.65.63.100\/wordpress\/wp-content\/uploads\/2023\/08\/Salle_Ladoumegue-1024x768.jpg 1024w, http:\/\/82.65.63.100\/wordpress\/wp-content\/uploads\/2023\/08\/Salle_Ladoumegue-768x576.jpg 768w\" sizes=\"auto, (max-width: 1200px) 100vw, 1200px\" \/><\/a><\/figure><div class=\"wp-block-media-text__content\">\n<p><mark style=\"background-color:rgba(0, 0, 0, 0)\" class=\"has-inline-color has-vivid-cyan-blue-color\">Stade Jean Bouin \/ Salle Ladoum\u00e8gue<br>Rue Jules Guesde<br>59187 Dechy<\/mark><br>La <strong>salle Ladoum\u00e8gue<\/strong> fait partie des installations sportives du stade Jean Bouin. Elle se situe dans la commune de\u00a0<a href=\"https:\/\/www.cartes-2-france.com\/activites\/59170-dechy.php\">Dechy<\/a>, dans le d\u00e9partement du Nord (59). Elle a \u00e9t\u00e9 mise en service en 1975 et elle dispose d\u2019une salle de basket avec un rev\u00eatement synth\u00e9tique et compte 250 places en tribunes.<\/p>\n<\/div><\/div>\n","protected":false},"excerpt":{"rendered":"<p>Stade Jean Bouin \/ Salle Ladoum\u00e8gueRue Jules Guesde59187 DechyLa salle Ladoum\u00e8gue fait partie des installations [&hellip;]<\/p>\n","protected":false},"author":1,"featured_media":0,"parent":0,"menu_order":0,"comment_status":"closed","ping_status":"closed","template":"","meta":{"editor_plus_copied_stylings":"{}","footnotes":""},"class_list":["post-118","page","type-page","status-publish","hentry"],"_links":{"self":[{"href":"http:\/\/82.65.63.100\/wordpress\/wp-json\/wp\/v2\/pages\/118","targetHints":{"allow":["GET"]}}],"collection":[{"href":"http:\/\/82.65.63.100\/wordpress\/wp-json\/wp\/v2\/pages"}],"about":[{"href":"http:\/\/82.65.63.100\/wordpress\/wp-json\/wp\/v2\/types\/page"}],"author":[{"embeddable":true,"href":"http:\/\/82.65.63.100\/wordpress\/wp-json\/wp\/v2\/users\/1"}],"replies":[{"embeddable":true,"href":"http:\/\/82.65.63.100\/wordpress\/wp-json\/wp\/v2\/comments?post=118"}],"version-history":[{"count":31,"href":"http:\/\/82.65.63.100\/wordpress\/wp-json\/wp\/v2\/pages\/118\/revisions"}],"predecessor-version":[{"id":775,"href":"http:\/\/82.65.63.100\/wordpress\/wp-json\/wp\/v2\/pages\/118\/revisions\/775"}],"wp:attachment":[{"href":"http:\/\/82.65.63.100\/wordpress\/wp-json\/wp\/v2\/media?parent=118"}],"curies":[{"name":"wp","href":"https:\/\/api.w.org\/{rel}","templated":true}]}}