{"id":116,"date":"2023-07-23T21:41:56","date_gmt":"2023-07-23T19:41:56","guid":{"rendered":"http:\/\/82.65.63.100\/wordpress\/?page_id=116"},"modified":"2023-08-30T22:04:12","modified_gmt":"2023-08-30T20:04:12","slug":"responsable-de-salle","status":"publish","type":"page","link":"http:\/\/82.65.63.100\/wordpress\/responsable-de-salle\/","title":{"rendered":"Le d\u00e9l\u00e9gu\u00e9 de club"},"content":{"rendered":"\n<h3 class=\"eplus-wrapper wp-block-heading\">AVANT LA RENCONTRE<\/h3>\n\n\n\n<p class=\" eplus-wrapper\">Le d\u00e9l\u00e9gu\u00e9 de club (ou responsable de salle) se met en relation avec les \u00e9quipes participantes, les arbitres, d\u00e8s leur arriv\u00e9e afin de se faire conna\u00eetre\u00a0et de les accompagner aux vestiaires.<\/p>\n\n\n\n<p class=\" eplus-wrapper\">Il doit s\u2019assurer que le mat\u00e9riel n\u00e9cessaire soit \u00e0 disposition\u00a0: feuille de marque, plaquettes, chrono\u2026et que les Officiels Table de Marque (OTM) soient pr\u00e9sents. Il doit indemniser les arbitres avant la rencontre.<\/p>\n\n\n\n<h3 class=\"eplus-wrapper wp-block-heading\"><strong>PENDANT LA RENCONTRE<\/strong><\/h3>\n\n\n\n<p class=\" eplus-wrapper\">Le responsable de salle doit \u00eatre pr\u00e9sent durant toute la rencontre, \u00e0 proximit\u00e9 de la table de marque pour \u00eatre en relation constante avec les arbitres.<\/p>\n\n\n\n<p class=\" eplus-wrapper\">Il doit \u00eatre\u00a0<strong>NEUTRE<\/strong>\u00a0et\u00a0<strong>OBJECTIF<\/strong>\u00a0en toutes circonstances, il se doit d\u2019\u00eatre exemplaire. Attention si ce n\u2019est pas le cas, les arbitres pourront soumettre un rapport qui sera envoy\u00e9 aux instances concern\u00e9es ou demander \u00e0 remplacer le responsable durant la rencontre.<\/p>\n\n\n\n<p class=\" eplus-wrapper\">Il pourra \u00eatre amen\u00e9 \u00e0 calmer un public trop contestataire\u00a0:\u00a0<strong>r\u00f4le de m\u00e9diateur arbitres\/public<\/strong>, et \u00e9ventuellement, si des personnes deviennent insultantes ou irrespectueuses envers les joueurs ou les arbitres,\u00a0<strong>\u00e0 calmer l\u2019environnement (sur demande explicite des arbitres).<\/strong><\/p>\n\n\n\n<p class=\" eplus-wrapper\">Si le responsable de salle ne fait pas le n\u00e9cessaire pour r\u00e9tablir l\u2019ordre, celui-ci pourra \u00eatre soumis \u00e0 un rapport par les arbitres.<\/p>\n\n\n\n<p class=\" eplus-wrapper\">Il est \u00e9galement de la protection des arbitres. Il doit pr\u00eater une attention particuli\u00e8re aux jeunes officiels, afin de les soutenir dans leur t\u00e2che. Il se doit d\u2019\u00eatre attentif au comportement des joueurs, des entra\u00eeneurs et du public.<\/p>\n\n\n\n<h3 class=\"eplus-wrapper wp-block-heading\">APR\u00c8S LA RENCONTRE<\/h3>\n\n\n\n<p class=\" eplus-wrapper\">Il doit s\u2019assurer, jusqu\u2019\u00e0 la sortie des arbitres, qu\u2019il n\u2019y ait pas d\u2019incident (vestiaires, buvette\u2026).<\/p>\n\n\n\n<p class=\" eplus-wrapper\">Il pourra \u00eatre amen\u00e9 \u00e0 r\u00e9diger un rapport suite \u00e0 d&rsquo;\u00e9ventuels incidents lors de la rencontre.<\/p>\n\n\n\n<div class=\"uds-under_building_area uds-shadow uds-border\">\n    <div class=\"uds-under_building_ball\">\n      <div class=\"uds-under_building_smash_ball\">\n        <div class=\"uds-under_building_bouncing_ball_shadow\">\n          <div class=\"uds-under_building_bouncing_ball_light\"><\/div>\n          <div class=\"uds-under_building_bouncing_ball_rotation\"><\/div>\n        <\/div>\n      <\/div>\n    <\/div>\n    <div class=\"uds-under_building_text\">\n      <h2>Page en preparation&#8230;<\/h2>\n      <p>Suivez-nous sur les reseaux sociaux.<\/p>\n    <\/div>\n    <div class=\"uds-social_network\">\n<a href=\"https:\/\/www.facebook.com\/udsbasket\" rel=\"noopener nofollow\" target=\"_blank\" class=\"wp-block-social-link-anchor\"><svg width=\"24\" height=\"24\" viewBox=\"0 0 24 24\" version=\"1.1\" xmlns=\"http:\/\/www.w3.org\/2000\/svg\" aria-hidden=\"true\" focusable=\"false\"><path d=\"M12 2C6.5 2 2 6.5 2 12c0 5 3.7 9.1 8.4 9.9v-7H7.9V12h2.5V9.8c0-2.5 1.5-3.9 3.8-3.9 1.1 0 2.2.2 2.2.2v2.5h-1.3c-1.2 0-1.6.8-1.6 1.6V12h2.8l-.4 2.9h-2.3v7C18.3 21.1 22 17 22 12c0-5.5-4.5-10-10-10z\"><\/path><\/svg><span class=\"wp-block-social-link-label screen-reader-text\">Facebook<\/span><\/a>\n<a href=\"https:\/\/www.instagram.com\/uniondechysinguesnain\" rel=\"noopener nofollow\" target=\"_blank\" class=\"wp-block-social-link-anchor\"><svg width=\"24\" height=\"24\" viewBox=\"0 0 24 24\" version=\"1.1\" xmlns=\"http:\/\/www.w3.org\/2000\/svg\" aria-hidden=\"true\" focusable=\"false\"><path d=\"M12,4.622c2.403,0,2.688,0.009,3.637,0.052c0.877,0.04,1.354,0.187,1.671,0.31c0.42,0.163,0.72,0.358,1.035,0.673 c0.315,0.315,0.51,0.615,0.673,1.035c0.123,0.317,0.27,0.794,0.31,1.671c0.043,0.949,0.052,1.234,0.052,3.637 s-0.009,2.688-0.052,3.637c-0.04,0.877-0.187,1.354-0.31,1.671c-0.163,0.42-0.358,0.72-0.673,1.035 c-0.315,0.315-0.615,0.51-1.035,0.673c-0.317,0.123-0.794,0.27-1.671,0.31c-0.949,0.043-1.233,0.052-3.637,0.052 s-2.688-0.009-3.637-0.052c-0.877-0.04-1.354-0.187-1.671-0.31c-0.42-0.163-0.72-0.358-1.035-0.673 c-0.315-0.315-0.51-0.615-0.673-1.035c-0.123-0.317-0.27-0.794-0.31-1.671C4.631,14.688,4.622,14.403,4.622,12 s0.009-2.688,0.052-3.637c0.04-0.877,0.187-1.354,0.31-1.671c0.163-0.42,0.358-0.72,0.673-1.035 c0.315-0.315,0.615-0.51,1.035-0.673c0.317-0.123,0.794-0.27,1.671-0.31C9.312,4.631,9.597,4.622,12,4.622 M12,3 C9.556,3,9.249,3.01,8.289,3.054C7.331,3.098,6.677,3.25,6.105,3.472C5.513,3.702,5.011,4.01,4.511,4.511 c-0.5,0.5-0.808,1.002-1.038,1.594C3.25,6.677,3.098,7.331,3.054,8.289C3.01,9.249,3,9.556,3,12c0,2.444,0.01,2.751,0.054,3.711 c0.044,0.958,0.196,1.612,0.418,2.185c0.23,0.592,0.538,1.094,1.038,1.594c0.5,0.5,1.002,0.808,1.594,1.038 c0.572,0.222,1.227,0.375,2.185,0.418C9.249,20.99,9.556,21,12,21s2.751-0.01,3.711-0.054c0.958-0.044,1.612-0.196,2.185-0.418 c0.592-0.23,1.094-0.538,1.594-1.038c0.5-0.5,0.808-1.002,1.038-1.594c0.222-0.572,0.375-1.227,0.418-2.185 C20.99,14.751,21,14.444,21,12s-0.01-2.751-0.054-3.711c-0.044-0.958-0.196-1.612-0.418-2.185c-0.23-0.592-0.538-1.094-1.038-1.594 c-0.5-0.5-1.002-0.808-1.594-1.038c-0.572-0.222-1.227-0.375-2.185-0.418C14.751,3.01,14.444,3,12,3L12,3z M12,7.378 c-2.552,0-4.622,2.069-4.622,4.622S9.448,16.622,12,16.622s4.622-2.069,4.622-4.622S14.552,7.378,12,7.378z M12,15 c-1.657,0-3-1.343-3-3s1.343-3,3-3s3,1.343,3,3S13.657,15,12,15z M16.804,6.116c-0.596,0-1.08,0.484-1.08,1.08 s0.484,1.08,1.08,1.08c0.596,0,1.08-0.484,1.08-1.08S17.401,6.116,16.804,6.116z\"><\/path><\/svg><span class=\"wp-block-social-link-label screen-reader-text\">Instagram<\/span><\/a>\n    <\/div\n<\/div>\n","protected":false},"excerpt":{"rendered":"<p>AVANT LA RENCONTRE Le d\u00e9l\u00e9gu\u00e9 de club (ou responsable de salle) se met en relation [&hellip;]<\/p>\n","protected":false},"author":1,"featured_media":0,"parent":0,"menu_order":0,"comment_status":"closed","ping_status":"closed","template":"","meta":{"editor_plus_copied_stylings":"{}","footnotes":""},"class_list":["post-116","page","type-page","status-publish","hentry"],"_links":{"self":[{"href":"http:\/\/82.65.63.100\/wordpress\/wp-json\/wp\/v2\/pages\/116","targetHints":{"allow":["GET"]}}],"collection":[{"href":"http:\/\/82.65.63.100\/wordpress\/wp-json\/wp\/v2\/pages"}],"about":[{"href":"http:\/\/82.65.63.100\/wordpress\/wp-json\/wp\/v2\/types\/page"}],"author":[{"embeddable":true,"href":"http:\/\/82.65.63.100\/wordpress\/wp-json\/wp\/v2\/users\/1"}],"replies":[{"embeddable":true,"href":"http:\/\/82.65.63.100\/wordpress\/wp-json\/wp\/v2\/comments?post=116"}],"version-history":[{"count":7,"href":"http:\/\/82.65.63.100\/wordpress\/wp-json\/wp\/v2\/pages\/116\/revisions"}],"predecessor-version":[{"id":1724,"href":"http:\/\/82.65.63.100\/wordpress\/wp-json\/wp\/v2\/pages\/116\/revisions\/1724"}],"wp:attachment":[{"href":"http:\/\/82.65.63.100\/wordpress\/wp-json\/wp\/v2\/media?parent=116"}],"curies":[{"name":"wp","href":"https:\/\/api.w.org\/{rel}","templated":true}]}}