{"id":110,"date":"2023-07-23T21:40:03","date_gmt":"2023-07-23T19:40:03","guid":{"rendered":"http:\/\/82.65.63.100\/wordpress\/?page_id=110"},"modified":"2023-08-30T22:37:54","modified_gmt":"2023-08-30T20:37:54","slug":"arbitre","status":"publish","type":"page","link":"http:\/\/82.65.63.100\/wordpress\/arbitre\/","title":{"rendered":"Les arbitres"},"content":{"rendered":"<div class=\"wp-block-columns eplus-wrapper is-layout-flex wp-container-core-columns-is-layout-9d6595d7 wp-block-columns-is-layout-flex eplus-styles-uid-535d36\">\n<div class=\"wp-block-column eplus-wrapper is-layout-flow wp-block-column-is-layout-flow\">\n<figure class=\" wp-block-image size-full eplus-wrapper\"><img loading=\"lazy\" decoding=\"async\" width=\"446\" height=\"715\" src=\"http:\/\/82.65.63.100\/wordpress\/wp-content\/uploads\/2023\/08\/infographie-arbitre-basketball.png\" alt=\"\" class=\"wp-image-1726\" srcset=\"http:\/\/82.65.63.100\/wordpress\/wp-content\/uploads\/2023\/08\/infographie-arbitre-basketball.png 446w, http:\/\/82.65.63.100\/wordpress\/wp-content\/uploads\/2023\/08\/infographie-arbitre-basketball-187x300.png 187w\" sizes=\"auto, (max-width: 446px) 100vw, 446px\" \/><figcaption class=\"wp-element-caption\">Source: FFBB<\/figcaption><\/figure>\n<\/div>\n\n\n\n<div class=\"wp-block-column eplus-wrapper is-layout-flow wp-block-column-is-layout-flow\">\n<h2 class=\"eplus-wrapper wp-block-heading\" id=\"2-\">A quoi servent-ils?<\/h2>\n\n\n\n<h4 class=\"eplus-wrapper wp-block-heading\" id=\"2-\">Faire respecter les r\u00e8gles du basket<\/h4>\n\n\n\n<p class=\" eplus-wrapper\">Les<strong>\u00a0arbitres officiels de basket<\/strong>\u00a0sont ceux qui font respecter les r\u00e8gles. S\u2019ils d\u00e9tectent une quelconque violation des r\u00e8gles par un joueur, ils mettent fin \u00e0 l\u2019action de jeu gr\u00e2ce \u00e0 un sifflet et diff\u00e9rents<strong>\u00a0gestes d\u2019arbitrage propre au basket.<\/strong><\/p>\n\n\n\n<h4 class=\"eplus-wrapper wp-block-heading\" id=\"3-\">Maintenir l\u2019ordre sur le terrain<\/h4>\n\n\n\n<p class=\" eplus-wrapper\">Les arbitres sont charg\u00e9s de veiller \u00e0 ce que le jeu se d\u00e9roule dans le respect des r\u00e8gles de l\u2019esprit sportif. Lorsqu\u2019il y a un match, il arrive quelque fois que des joueurs se battent. C\u2019est le r\u00f4le de l&rsquo;arbitre d\u2019emp\u00eacher ces d\u00e9bordements et d\u2019apaiser les esprits.<\/p>\n\n\n\n<h4 class=\"eplus-wrapper wp-block-heading\" id=\"4-\">Pas d&rsquo;arbitre? Pas de match!!!<\/h4>\n\n\n\n<p class=\" eplus-wrapper\">L&rsquo;arbitre est \u00e9galement responsable de la bonne conduite des joueurs et du bon d\u00e9roulement du match. Il doit \u00eatre attentif aux diff\u00e9rentes requ\u00eates des joueurs et des coaches. Sans lui, le match ne peut pas avoir lieu.<\/p>\n<\/div>\n<\/div>\n\n<div class=\"wp-block-columns eplus-wrapper is-layout-flex wp-container-core-columns-is-layout-9d6595d7 wp-block-columns-is-layout-flex eplus-styles-uid-191c23\">\n<div class=\"wp-block-column eplus-wrapper is-layout-flow wp-block-column-is-layout-flow\">\n<h2 class=\"eplus-wrapper wp-block-heading\">Comment devenir arbitre?<\/h2>\n\n\n\n<p class=\" eplus-wrapper\">Pour devenir arbitre, il est absolument n\u00e9cessaire de conna\u00eetre\u00a0<a rel=\"noreferrer noopener\" href=\"http:\/\/www.ffbb.com\/ffbb\/officiels\/arbitres\/le-reglement-de-jeu\" target=\"_blank\">toutes les r\u00e8gles de basketball<\/a>\u00a0et tous les r\u00e8glements du jeu. Il existe de nombreux moyens par lesquels tu peux ma\u00eetriser les principes de bases et les fondamentaux du jeu. Tu peux passer ton Examen D\u00e9partemental lors de camps d\u2019\u00e9t\u00e9 organis\u00e9s en France par des ligues, des comit\u00e9s, des clubs ou autres structures et labellis\u00e9s par la FFBB.<\/p>\n\n\n\n<p class=\" eplus-wrapper\">C\u2019est en pratiquant que l\u2019on comprend le mieux l\u2019application r\u00e9elle des r\u00e8gles du jeu. Il ne suffit pas d\u2019apprendre les r\u00e8gles et les r\u00e8glements si on ne les applique pas. Il est conseill\u00e9 d\u2019assister \u00e0 des matchs de basket et de regarder l\u2019arbitre prendre des d\u00e9cisions ou m\u00eame tenter d\u2019arbitrer un match sous la direction d\u2019un arbitre exp\u00e9riment\u00e9.<\/p>\n<\/div>\n\n\n\n<div class=\"wp-block-column eplus-wrapper is-layout-flow wp-block-column-is-layout-flow\"><div class=\"wp-block-image\">\n<figure class=\" aligncenter size-large eplus-wrapper\"><img loading=\"lazy\" decoding=\"async\" width=\"819\" height=\"1024\" src=\"http:\/\/82.65.63.100\/wordpress\/wp-content\/uploads\/2023\/07\/acteur-819x1024.jpg\" alt=\"\" class=\"wp-image-427\" srcset=\"http:\/\/82.65.63.100\/wordpress\/wp-content\/uploads\/2023\/07\/acteur-819x1024.jpg 819w, http:\/\/82.65.63.100\/wordpress\/wp-content\/uploads\/2023\/07\/acteur-240x300.jpg 240w, http:\/\/82.65.63.100\/wordpress\/wp-content\/uploads\/2023\/07\/acteur-768x960.jpg 768w, http:\/\/82.65.63.100\/wordpress\/wp-content\/uploads\/2023\/07\/acteur-1229x1536.jpg 1229w, http:\/\/82.65.63.100\/wordpress\/wp-content\/uploads\/2023\/07\/acteur.jpg 1638w\" sizes=\"auto, (max-width: 819px) 100vw, 819px\" \/><\/figure><\/div><\/div>\n<\/div>","protected":false},"excerpt":{"rendered":"<p>A quoi servent-ils? Faire respecter les r\u00e8gles du basket Les\u00a0arbitres officiels de basket\u00a0sont ceux qui [&hellip;]<\/p>\n","protected":false},"author":1,"featured_media":427,"parent":0,"menu_order":0,"comment_status":"closed","ping_status":"closed","template":"","meta":{"editor_plus_copied_stylings":"{}","footnotes":""},"class_list":["post-110","page","type-page","status-publish","has-post-thumbnail","hentry"],"_links":{"self":[{"href":"http:\/\/82.65.63.100\/wordpress\/wp-json\/wp\/v2\/pages\/110","targetHints":{"allow":["GET"]}}],"collection":[{"href":"http:\/\/82.65.63.100\/wordpress\/wp-json\/wp\/v2\/pages"}],"about":[{"href":"http:\/\/82.65.63.100\/wordpress\/wp-json\/wp\/v2\/types\/page"}],"author":[{"embeddable":true,"href":"http:\/\/82.65.63.100\/wordpress\/wp-json\/wp\/v2\/users\/1"}],"replies":[{"embeddable":true,"href":"http:\/\/82.65.63.100\/wordpress\/wp-json\/wp\/v2\/comments?post=110"}],"version-history":[{"count":24,"href":"http:\/\/82.65.63.100\/wordpress\/wp-json\/wp\/v2\/pages\/110\/revisions"}],"predecessor-version":[{"id":1944,"href":"http:\/\/82.65.63.100\/wordpress\/wp-json\/wp\/v2\/pages\/110\/revisions\/1944"}],"wp:featuredmedia":[{"embeddable":true,"href":"http:\/\/82.65.63.100\/wordpress\/wp-json\/wp\/v2\/media\/427"}],"wp:attachment":[{"href":"http:\/\/82.65.63.100\/wordpress\/wp-json\/wp\/v2\/media?parent=110"}],"curies":[{"name":"wp","href":"https:\/\/api.w.org\/{rel}","templated":true}]}}